{"id":96,"date":"2025-11-28T01:25:28","date_gmt":"2025-11-28T00:25:28","guid":{"rendered":"https:\/\/stanislawszlassa.pl\/?page_id=96"},"modified":"2025-11-29T17:13:38","modified_gmt":"2025-11-29T16:13:38","slug":"psychoterapia-indywidualna","status":"publish","type":"page","link":"https:\/\/stanislawszlassa.pl\/?page_id=96","title":{"rendered":"Psychoterapia"},"content":{"rendered":"\n<p>to spotkania dla os\u00f3b, kt\u00f3re chc\u0105 rozwi\u0105zywa\u0107 swoje problemy emocjonalne, duchowe i powtarzaj\u0105ce si\u0119 d\u0142ugotrwa\u0142e trudno\u015bci. Motywem do podj\u0119cia terapii mo\u017ce by\u0107 r\u00f3wnie\u017c ch\u0119\u0107 osobistego rozwoju. Prowadzimy psychoterapi\u0119 integratywn\u0105 \u2013 korzystamy ze zdobyczy r\u00f3\u017cnych kierunk\u00f3w psychoterapii. Postrzegamy cz\u0142owieka jako osob\u0119, funkcjonuj\u0105c\u0105 w ro\u017cnych p\u0142aszczyznach: emocjonalnej, duchowej, wolitywnej i fizycznej. Uwzgl\u0119dniamy wymiar \u017cycia duchowego cz\u0142owieka. Prowadzimy psychoterapi\u0119 os\u00f3b \u015bwieckich i konsekrowanych.<\/p>\n\n\n\n<p><strong>Zapraszam osoby, kt\u00f3re:<\/strong><\/p>\n\n\n\n<ul class=\"wp-block-list\">\n<li>do\u015bwiadczaj\u0105 trudno\u015bci w budowaniu i utrzymywaniu bliskich relacji;<\/li>\n\n\n\n<li>do\u015bwiadczaj\u0105 przed\u0142u\u017caj\u0105cego si\u0119 l\u0119ku, smutku, z\u0142o\u015bci, poczucia winy;<\/li>\n\n\n\n<li>nie akceptuj\u0105 siebie, nie czuj\u0105 swojej warto\u015bci;<\/li>\n\n\n\n<li>nie wierz\u0105 we w\u0142asne si\u0142y i mo\u017cliwo\u015bci;<\/li>\n\n\n\n<li>nie widz\u0105 wp\u0142ywu na swoje \u017cycie;<\/li>\n\n\n\n<li>nie potrafi\u0105 stawia\u0107 granic;<\/li>\n\n\n\n<li>prze\u017cywaj\u0105 l\u0119k w kontaktach z lud\u017ami;<\/li>\n\n\n\n<li>maj\u0105 trudno\u015bci w nazywaniu i wyra\u017caniu swoich uczu\u0107 i potrzeb;<\/li>\n\n\n\n<li>prze\u017cywaj\u0105 dr\u0119cz\u0105ce poczucie winy;<\/li>\n\n\n\n<li>nie widz\u0105 sensu \u017cycia;<\/li>\n\n\n\n<li>kt\u00f3re do\u015bwiadczy\u0142y traumatycznych prze\u017cy\u0107 takich jak: wykorzystanie, zaniedbanie, przemoc;<\/li>\n\n\n\n<li>chcia\u0142yby przerwa\u0107 ci\u0105g powtarzaj\u0105cych si\u0119 problem\u00f3w, trudnych do\u015bwiadcze\u0144;<\/li>\n\n\n\n<li>maj\u0105 niskie poczucie w\u0142asnej warto\u015bci;<\/li>\n\n\n\n<li>prze\u017cywaj\u0105 sytuacj\u0119 straty osoby, pracy, zdrowia;<\/li>\n\n\n\n<li>cierpi\u0105 z powodu poronienia, do\u015bwiadczenia aborcji lub innych traum;<\/li>\n\n\n\n<li>prze\u017cywaj\u0105 trudno\u015bci we wsp\u00f3lnotach zakonnych;<\/li>\n\n\n\n<li>maj\u0105 do\u015bwiadczenie przemocy w zwi\u0105zku;<\/li>\n\n\n\n<li>prze\u017cywaj\u0105 problemy z dziedziny duchowo\u015bci i religijno\u015bci;<\/li>\n\n\n\n<li>chc\u0105cymi pozna\u0107 i zrozumie\u0107 siebie;<\/li>\n\n\n\n<li>nie akceptuj\u0105cymi swoich odczu\u0107 homoseksualnych.<\/li>\n<\/ul>\n\n\n\n<p>Sesje psychoterapeutyczne i superwizyjne dost\u0119pne r\u00f3wnie\u017c zdalnie.<\/p>\n\n\n\n<p>W celu um\u00f3wienia wizyty prosz\u0119 o <strong><a href=\"https:\/\/stanislawszlassa.pl\/?page_id=52\">KONTAKT<\/a><\/strong><\/p>\n\n\n\n<p><\/p>\n","protected":false},"excerpt":{"rendered":"<p>to spotkania dla os\u00f3b, kt\u00f3re chc\u0105 rozwi\u0105zywa\u0107 swoje problemy emocjonalne, duchowe i powtarzaj\u0105ce si\u0119 d\u0142ugotrwa\u0142e trudno\u015bci. Motywem do podj\u0119cia terapii mo\u017ce by\u0107 r\u00f3wnie\u017c ch\u0119\u0107 osobistego rozwoju. Prowadzimy psychoterapi\u0119 integratywn\u0105 \u2013 korzystamy ze zdobyczy r\u00f3\u017cnych kierunk\u00f3w psychoterapii. Postrzegamy cz\u0142owieka jako osob\u0119,&#8230; <a href=\"https:\/\/stanislawszlassa.pl\/?page_id=96\" class=\"readmore\">Dowiedz si\u0119 wi\u0119cej<span class=\"screen-reader-text\">Psychoterapia<\/span><span class=\"fa fa-angle-double-right\" aria-hidden=\"true\"><\/span><\/a><\/p>\n","protected":false},"author":1,"featured_media":0,"parent":0,"menu_order":0,"comment_status":"closed","ping_status":"closed","template":"","meta":{"footnotes":""},"class_list":["post-96","page","type-page","status-publish","hentry"],"_links":{"self":[{"href":"https:\/\/stanislawszlassa.pl\/index.php?rest_route=\/wp\/v2\/pages\/96","targetHints":{"allow":["GET"]}}],"collection":[{"href":"https:\/\/stanislawszlassa.pl\/index.php?rest_route=\/wp\/v2\/pages"}],"about":[{"href":"https:\/\/stanislawszlassa.pl\/index.php?rest_route=\/wp\/v2\/types\/page"}],"author":[{"embeddable":true,"href":"https:\/\/stanislawszlassa.pl\/index.php?rest_route=\/wp\/v2\/users\/1"}],"replies":[{"embeddable":true,"href":"https:\/\/stanislawszlassa.pl\/index.php?rest_route=%2Fwp%2Fv2%2Fcomments&post=96"}],"version-history":[{"count":4,"href":"https:\/\/stanislawszlassa.pl\/index.php?rest_route=\/wp\/v2\/pages\/96\/revisions"}],"predecessor-version":[{"id":162,"href":"https:\/\/stanislawszlassa.pl\/index.php?rest_route=\/wp\/v2\/pages\/96\/revisions\/162"}],"wp:attachment":[{"href":"https:\/\/stanislawszlassa.pl\/index.php?rest_route=%2Fwp%2Fv2%2Fmedia&parent=96"}],"curies":[{"name":"wp","href":"https:\/\/api.w.org\/{rel}","templated":true}]}}