{"id":50,"date":"2025-11-27T23:05:42","date_gmt":"2025-11-27T22:05:42","guid":{"rendered":"http:\/\/stanislawszlassa.pl\/?page_id=50"},"modified":"2025-12-18T22:05:58","modified_gmt":"2025-12-18T21:05:58","slug":"publikacje","status":"publish","type":"page","link":"https:\/\/stanislawszlassa.pl\/?page_id=50","title":{"rendered":"Zasady"},"content":{"rendered":"\n<p>DOTYCZ\u0104CE PROCESU TERAPEUTYCZNEGO I SUPERWIZYJNEGO<\/p>\n\n\n\n<ul class=\"wp-block-list\">\n<li><strong>Czas trwania sesji<\/strong> <strong>wynosi 50 minut<\/strong><\/li>\n\n\n\n<li>Sesja ma miejsce j<strong>eden raz w tygodniu<\/strong><\/li>\n\n\n\n<li>Sesja rozpoczyna si\u0119 <strong>o ustalonej godzinie<\/strong>, w razie sp\u00f3\u017anienia pacjenta, czas sesji nie ulega przed\u0142u\u017ceniu<\/li>\n\n\n\n<li>Obowi\u0105zuje <strong>jednodniowy termin odwo\u0142ywania sesj<\/strong>i (<strong>do godz. 18.00<\/strong> poprzedniego dnia). W sytuacji nie odwo\u0142ania sesji i nieobecno\u015bci &#8211; obowi\u0105zuje op\u0142ata w wysoko\u015bci 100% jej kosztu<\/li>\n\n\n\n<li><strong>Koszt<\/strong>:\n<ul class=\"wp-block-list\">\n<li><strong>sesji indywidualnej wynosi 200<\/strong><\/li>\n\n\n\n<li><strong>superwizji wynosi 250 z\u0142<\/strong><\/li>\n<\/ul>\n<\/li>\n\n\n\n<li>Forma p\u0142atno\u015bci w gabinecie &#8211; <strong>got\u00f3wka<\/strong><\/li>\n<\/ul>\n\n\n\n<p><\/p>\n","protected":false},"excerpt":{"rendered":"<p>DOTYCZ\u0104CE PROCESU TERAPEUTYCZNEGO I SUPERWIZYJNEGO<\/p>\n","protected":false},"author":1,"featured_media":0,"parent":0,"menu_order":0,"comment_status":"closed","ping_status":"closed","template":"","meta":{"footnotes":""},"class_list":["post-50","page","type-page","status-publish","hentry"],"_links":{"self":[{"href":"https:\/\/stanislawszlassa.pl\/index.php?rest_route=\/wp\/v2\/pages\/50","targetHints":{"allow":["GET"]}}],"collection":[{"href":"https:\/\/stanislawszlassa.pl\/index.php?rest_route=\/wp\/v2\/pages"}],"about":[{"href":"https:\/\/stanislawszlassa.pl\/index.php?rest_route=\/wp\/v2\/types\/page"}],"author":[{"embeddable":true,"href":"https:\/\/stanislawszlassa.pl\/index.php?rest_route=\/wp\/v2\/users\/1"}],"replies":[{"embeddable":true,"href":"https:\/\/stanislawszlassa.pl\/index.php?rest_route=%2Fwp%2Fv2%2Fcomments&post=50"}],"version-history":[{"count":7,"href":"https:\/\/stanislawszlassa.pl\/index.php?rest_route=\/wp\/v2\/pages\/50\/revisions"}],"predecessor-version":[{"id":202,"href":"https:\/\/stanislawszlassa.pl\/index.php?rest_route=\/wp\/v2\/pages\/50\/revisions\/202"}],"wp:attachment":[{"href":"https:\/\/stanislawszlassa.pl\/index.php?rest_route=%2Fwp%2Fv2%2Fmedia&parent=50"}],"curies":[{"name":"wp","href":"https:\/\/api.w.org\/{rel}","templated":true}]}}