{"id":48,"date":"2025-11-27T23:05:24","date_gmt":"2025-11-27T22:05:24","guid":{"rendered":"http:\/\/stanislawszlassa.pl\/?page_id=48"},"modified":"2025-12-04T07:57:53","modified_gmt":"2025-12-04T06:57:53","slug":"ksiazki","status":"publish","type":"page","link":"https:\/\/stanislawszlassa.pl\/?page_id=48","title":{"rendered":"Ksi\u0105\u017cki"},"content":{"rendered":"\n<p>Stanis\u0142aw Szlassa, Katarzyna Matusz <a href=\"https:\/\/bonito.pl\/produkt\/365-mysli-z-ktorymi-nie-musisz-sie-zgadzac\" target=\"_blank\" rel=\"noreferrer noopener\"><mark style=\"background-color:rgba(0, 0, 0, 0)\" class=\"has-inline-color has-vivid-cyan-blue-color\">&#8222;365 my\u015bli, z kt\u00f3rymi nie musisz si\u0119 zgadza\u0107&#8221;<\/mark><\/a><br>Stanis\u0142aw Szlassa, Katarzyna Matusz\u00a0<a href=\"https:\/\/bonito.pl\/produkt\/jak-chorowac-pytania-ktorych-sie-boimy\" target=\"_blank\" rel=\"noreferrer noopener\"><mark style=\"background-color:rgba(0, 0, 0, 0)\" class=\"has-inline-color has-vivid-cyan-blue-color\">\u201eJak chorowa\u0107? Pytania, kt\u00f3rych si\u0119 boimy\u201d<\/mark><\/a><br>Stanis\u0142aw Szlassa, Katarzyna Matusz\u00a0<a href=\"https:\/\/bonito.pl\/produkt\/kryzys-relacji-kryzys-wiary\" target=\"_blank\" rel=\"noreferrer noopener\"><mark style=\"background-color:rgba(0, 0, 0, 0)\" class=\"has-inline-color has-vivid-cyan-blue-color\">\u201eKryzys relacji. Kryzys wiary\u201d<\/mark><\/a><br>Stanis\u0142aw Szlassa, Katarzyna Matusz\u00a0<a href=\"https:\/\/bonito.pl\/produkt\/kobieta-ale-jaka?gclid=CjwKCAjwyY6pBhA9EiwAMzmfwTj1-vmS_EXcdtSuAB9mf7ub35MpN6xWQz4yt3LJCjNLcWwGPbdUrhoCeW4QAvD_BwE\" target=\"_blank\" rel=\"noreferrer noopener\"><mark style=\"background-color:rgba(0, 0, 0, 0)\" class=\"has-inline-color has-vivid-cyan-blue-color\">\u201eKobieta, ale jaka?\u201d<\/mark><\/a><br>Stanis\u0142aw Szlassa, Katarzyna Matusz <a href=\"https:\/\/bonito.pl\/produkt\/mezczyzna-ale-jaki\" target=\"_blank\" rel=\"noreferrer noopener\"><mark style=\"background-color:rgba(0, 0, 0, 0)\" class=\"has-inline-color has-vivid-cyan-blue-color\">\u201eM\u0119\u017cczyzna, ale jaki?\u201d<\/mark><\/a><br>Stanis\u0142aw Szlassa, Katarzyna Matusz\u00a0<a href=\"https:\/\/bonito.pl\/produkt\/o-niektorych-lekach-osob-starszych\" target=\"_blank\" rel=\"noreferrer noopener\"><mark style=\"background-color:rgba(0, 0, 0, 0)\" class=\"has-inline-color has-vivid-cyan-blue-color\">\u201eO niekt\u00f3rych l\u0119kach w os\u00f3b starszych. Zanim p\u00f3jdziesz na terapi\u0119\u201d.<\/mark><\/a><br>Stanis\u0142aw Szlassa, Katarzyna Matusz\u00a0<a href=\"https:\/\/bonito.pl\/k-540851938-o-niektorych-lekach-w-relacjach\" target=\"_blank\" rel=\"noreferrer noopener\"><mark style=\"background-color:rgba(0, 0, 0, 0)\" class=\"has-inline-color has-vivid-cyan-blue-color\">\u201eO niekt\u00f3rych l\u0119kach w relacjach. Zanim p\u00f3jdziesz na terapi\u0119\u201d<\/mark><\/a><br>Stanis\u0142aw Szlassa, Katarzyna Matusz <a href=\"https:\/\/bonito.pl\/k-295101078-o-niektorych-lekach-dzieci-i-nastolatkow\" target=\"_blank\" rel=\"noreferrer noopener\"><mark style=\"background-color:rgba(0, 0, 0, 0)\" class=\"has-inline-color has-vivid-cyan-blue-color\">\u201eO niekt\u00f3rych l\u0119kach dzieci i nastolatk\u00f3w. Zanim p\u00f3jdziesz na terapi\u0119<\/mark><\/a><br>Stanis\u0142aw Szlassa, Katarzyna Matusz <a href=\"https:\/\/bonito.pl\/k-582136861-o-niektorych-lekach-mezczyzn-zanim-pojdziesz-na-terapie\" target=\"_blank\" rel=\"noreferrer noopener\"><mark style=\"background-color:rgba(0, 0, 0, 0)\" class=\"has-inline-color has-vivid-cyan-blue-color\">\u201eO niekt\u00f3rych l\u0119kach m\u0119\u017cczyzn. Zanim p\u00f3jdziesz na terapi\u0119\u201d<\/mark><\/a><br>Stanis\u0142aw Szlassa, Katarzyna Matusz <a href=\"https:\/\/bonito.pl\/k-729989831-o-niektorych-lekach-kobiet\"><mark style=\"background-color:rgba(0, 0, 0, 0)\" class=\"has-inline-color has-vivid-cyan-blue-color\">\u201eO niekt\u00f3rych l\u0119kach kobiet. Zanim p\u00f3jdziesz na tera<\/mark>pi\u0119\u201d<\/a><\/p>\n\n\n\n<p>Stanis\u0142aw Szlassa, Joanna Fary\u015b \u201eNie nudzi\u0107 si\u0119 w ko\u015bciele. Msza \u015bwi\u0119ta dla ka\u017cdego\u201d<br>Audycji \u201eDylematy Wiary\u201d w Radiu Warszawa.<\/p>\n\n\n\n<p><\/p>\n","protected":false},"excerpt":{"rendered":"<p>Stanis\u0142aw Szlassa, Katarzyna Matusz &#8222;365 my\u015bli, z kt\u00f3rymi nie musisz si\u0119 zgadza\u0107&#8221;Stanis\u0142aw Szlassa, Katarzyna Matusz\u00a0\u201eJak chorowa\u0107? Pytania, kt\u00f3rych si\u0119 boimy\u201dStanis\u0142aw Szlassa, Katarzyna Matusz\u00a0\u201eKryzys relacji. Kryzys wiary\u201dStanis\u0142aw Szlassa, Katarzyna Matusz\u00a0\u201eKobieta, ale jaka?\u201dStanis\u0142aw Szlassa, Katarzyna Matusz \u201eM\u0119\u017cczyzna, ale jaki?\u201dStanis\u0142aw Szlassa, Katarzyna Matusz\u00a0\u201eO&#8230; <a href=\"https:\/\/stanislawszlassa.pl\/?page_id=48\" class=\"readmore\">Dowiedz si\u0119 wi\u0119cej<span class=\"screen-reader-text\">Ksi\u0105\u017cki<\/span><span class=\"fa fa-angle-double-right\" aria-hidden=\"true\"><\/span><\/a><\/p>\n","protected":false},"author":1,"featured_media":0,"parent":0,"menu_order":0,"comment_status":"closed","ping_status":"closed","template":"","meta":{"footnotes":""},"class_list":["post-48","page","type-page","status-publish","hentry"],"_links":{"self":[{"href":"https:\/\/stanislawszlassa.pl\/index.php?rest_route=\/wp\/v2\/pages\/48","targetHints":{"allow":["GET"]}}],"collection":[{"href":"https:\/\/stanislawszlassa.pl\/index.php?rest_route=\/wp\/v2\/pages"}],"about":[{"href":"https:\/\/stanislawszlassa.pl\/index.php?rest_route=\/wp\/v2\/types\/page"}],"author":[{"embeddable":true,"href":"https:\/\/stanislawszlassa.pl\/index.php?rest_route=\/wp\/v2\/users\/1"}],"replies":[{"embeddable":true,"href":"https:\/\/stanislawszlassa.pl\/index.php?rest_route=%2Fwp%2Fv2%2Fcomments&post=48"}],"version-history":[{"count":4,"href":"https:\/\/stanislawszlassa.pl\/index.php?rest_route=\/wp\/v2\/pages\/48\/revisions"}],"predecessor-version":[{"id":195,"href":"https:\/\/stanislawszlassa.pl\/index.php?rest_route=\/wp\/v2\/pages\/48\/revisions\/195"}],"wp:attachment":[{"href":"https:\/\/stanislawszlassa.pl\/index.php?rest_route=%2Fwp%2Fv2%2Fmedia&parent=48"}],"curies":[{"name":"wp","href":"https:\/\/api.w.org\/{rel}","templated":true}]}}