{"id":120,"date":"2025-11-28T02:00:34","date_gmt":"2025-11-28T01:00:34","guid":{"rendered":"https:\/\/stanislawszlassa.pl\/?page_id=120"},"modified":"2025-11-29T17:12:56","modified_gmt":"2025-11-29T16:12:56","slug":"superwizja","status":"publish","type":"page","link":"https:\/\/stanislawszlassa.pl\/?page_id=120","title":{"rendered":"Superwizja"},"content":{"rendered":"\n<p>to rodzaj szkolenia, podczas kt\u00f3rego do\u015bwiadczony superwizor wspiera psychologa w rozwoju zawodowym, analizuj\u0105c jego prac\u0119 z pacjentami, pomagaj\u0105c w rozwi\u0105zywaniu trudno\u015bci i dylemat\u00f3w etycznych oraz wzbogacaj\u0105c umiej\u0119tno\u015bci.<br>Jest to bezpieczna przestrze\u0144 do refleksji nad w\u0142asn\u0105 prac\u0105, kt\u00f3ra ma na celu popraw\u0119 efektywno\u015bci terapeutycznej i zapewnienie dobra pacjenta. Proces ten mo\u017ce mie\u0107 form\u0119 indywidualn\u0105 lub grupow\u0105 i jest kluczowym elementem kszta\u0142cenia i podnoszenia kwalifikacji psychologicznych.\u00a0<\/p>\n\n\n\n<p><strong>Kluczowe aspekty superwizji<\/strong><\/p>\n\n\n\n<p><strong>Wsparcie i rozw\u00f3j zawodowy:<\/strong>\u00a0Superwizja jest kluczowym elementem rozwoju kompetencji psychologa, pomagaj\u0105c mu rozwija\u0107 umiej\u0119tno\u015bci, zdobywa\u0107 nowe perspektywy i radzi\u0107 sobie z emocjami wywo\u0142anymi w pracy z pacjentem.<br><strong>Analiza pracy z pacjentem:<\/strong>\u00a0Terapeuta przedstawia superwizorowi swoj\u0105 prac\u0119, omawia przypadki pacjent\u00f3w, stosowane metody i interwencje, a tak\u017ce swoje w\u0105tpliwo\u015bci. Superwizor dzieli si\u0119 swoim do\u015bwiadczeniem i doradza w kwestii dalszych krok\u00f3w.<br><strong>Dbanie o dobro pacjenta:<\/strong>\u00a0G\u0142\u00f3wnym celem superwizji jest pomoc psychologowi w lepszym leczeniu pacjenta, co przek\u0142ada si\u0119 na wy\u017csz\u0105 jako\u015b\u0107 opieki psychologicznej.<br><strong>Bezpieczna przestrze\u0144:<\/strong>\u00a0Superwizja tworzy bezpieczne \u015brodowisko, w kt\u00f3rym psycholog mo\u017ce w spos\u00f3b refleksyjny przygl\u0105da\u0107 si\u0119 swojej pracy, analizowa\u0107 trudno\u015bci i dylematy etyczne bez obawy przed ocen\u0105.<br><strong>Tajemnica zawodowa:<\/strong>\u00a0Zar\u00f3wno terapeuta, jak i superwizor s\u0105 zobowi\u0105zani do zachowania tajemnicy zawodowej. Informacje o pacjencie s\u0105 przekazywane w spos\u00f3b anonimowy.<br><strong>Formaty:<\/strong>\u00a0Superwizja mo\u017ce odbywa\u0107 si\u0119 w formie indywidualnych spotka\u0144 lub w grupach, co pozwala na wymian\u0119 do\u015bwiadcze\u0144 i wiedzy mi\u0119dzy specjalistami.<br><strong>Wym\u00f3g prawny:<\/strong>\u00a0W niekt\u00f3rych przypadkach superwizja jest obowi\u0105zkowa. Przyk\u0142adem s\u0105 o\u015brodki finansowane przez Narodowy Fundusz Zdrowia (NFZ), gdzie udzia\u0142 w superwizji jest wymogiem koniecznym do uzyskania i utrzymania kontraktu.\u00a0<\/p>\n\n\n\n<p><\/p>\n\n\n\n<p>Sesje psychoterapeutyczne i superwizyjne dost\u0119pne r\u00f3wnie\u017c zdalnie.<\/p>\n\n\n\n<p>W celu um\u00f3wienia wizyty prosz\u0119 o&nbsp;<strong><a href=\"https:\/\/stanislawszlassa.pl\/?page_id=52\">KONTAKT<\/a><\/strong><\/p>\n\n\n\n<p><\/p>\n","protected":false},"excerpt":{"rendered":"<p>to rodzaj szkolenia, podczas kt\u00f3rego do\u015bwiadczony superwizor wspiera psychologa w rozwoju zawodowym, analizuj\u0105c jego prac\u0119 z pacjentami, pomagaj\u0105c w rozwi\u0105zywaniu trudno\u015bci i dylemat\u00f3w etycznych oraz wzbogacaj\u0105c umiej\u0119tno\u015bci.Jest to bezpieczna przestrze\u0144 do refleksji nad w\u0142asn\u0105 prac\u0105, kt\u00f3ra ma na celu popraw\u0119&#8230; <a href=\"https:\/\/stanislawszlassa.pl\/?page_id=120\" class=\"readmore\">Dowiedz si\u0119 wi\u0119cej<span class=\"screen-reader-text\">Superwizja<\/span><span class=\"fa fa-angle-double-right\" aria-hidden=\"true\"><\/span><\/a><\/p>\n","protected":false},"author":1,"featured_media":0,"parent":0,"menu_order":0,"comment_status":"closed","ping_status":"closed","template":"","meta":{"footnotes":""},"class_list":["post-120","page","type-page","status-publish","hentry"],"_links":{"self":[{"href":"https:\/\/stanislawszlassa.pl\/index.php?rest_route=\/wp\/v2\/pages\/120","targetHints":{"allow":["GET"]}}],"collection":[{"href":"https:\/\/stanislawszlassa.pl\/index.php?rest_route=\/wp\/v2\/pages"}],"about":[{"href":"https:\/\/stanislawszlassa.pl\/index.php?rest_route=\/wp\/v2\/types\/page"}],"author":[{"embeddable":true,"href":"https:\/\/stanislawszlassa.pl\/index.php?rest_route=\/wp\/v2\/users\/1"}],"replies":[{"embeddable":true,"href":"https:\/\/stanislawszlassa.pl\/index.php?rest_route=%2Fwp%2Fv2%2Fcomments&post=120"}],"version-history":[{"count":5,"href":"https:\/\/stanislawszlassa.pl\/index.php?rest_route=\/wp\/v2\/pages\/120\/revisions"}],"predecessor-version":[{"id":161,"href":"https:\/\/stanislawszlassa.pl\/index.php?rest_route=\/wp\/v2\/pages\/120\/revisions\/161"}],"wp:attachment":[{"href":"https:\/\/stanislawszlassa.pl\/index.php?rest_route=%2Fwp%2Fv2%2Fmedia&parent=120"}],"curies":[{"name":"wp","href":"https:\/\/api.w.org\/{rel}","templated":true}]}}